{"id":38,"date":"2024-04-30T21:14:19","date_gmt":"2024-04-30T19:14:19","guid":{"rendered":"https:\/\/weneedyourbrain.com\/?page_id=38"},"modified":"2024-07-24T18:54:13","modified_gmt":"2024-07-24T16:54:13","slug":"conditions-generales-dutilisation","status":"publish","type":"page","link":"https:\/\/weneedyourbrain.com\/?page_id=38","title":{"rendered":"Conditions g\u00e9n\u00e9rales d&rsquo;utilisation"},"content":{"rendered":"\t\t<div data-elementor-type=\"wp-page\" data-elementor-id=\"38\" class=\"elementor elementor-38\" data-elementor-post-type=\"page\">\n\t\t\t\t<div class=\"elementor-element elementor-element-f6c51dd e-flex e-con-boxed e-con e-parent\" data-id=\"f6c51dd\" data-element_type=\"container\">\n\t\t\t\t\t<div class=\"e-con-inner\">\n\t\t\t\t<div class=\"elementor-element elementor-element-0dffc0a elementor-nav-menu__align-center elementor-nav-menu__text-align-center elementor-nav-menu--dropdown-tablet elementor-nav-menu--toggle elementor-nav-menu--burger elementor-widget elementor-widget-global elementor-global-87 elementor-widget-nav-menu\" data-id=\"0dffc0a\" data-element_type=\"widget\" data-settings=\"{&quot;layout&quot;:&quot;horizontal&quot;,&quot;submenu_icon&quot;:{&quot;value&quot;:&quot;fas fa-caret-down&quot;,&quot;library&quot;:&quot;fa-solid&quot;},&quot;toggle&quot;:&quot;burger&quot;}\" data-widget_type=\"nav-menu.default\">\n\t\t\t\t<div class=\"elementor-widget-container\">\n\t\t\t\t\t\t<nav aria-label=\"Menu\" class=\"elementor-nav-menu--main elementor-nav-menu__container elementor-nav-menu--layout-horizontal e--pointer-none\">\n\t\t\t\t<ul id=\"menu-1-0dffc0a\" class=\"elementor-nav-menu\"><li class=\"menu-item menu-item-type-post_type menu-item-object-page menu-item-home menu-item-49\"><a href=\"https:\/\/weneedyourbrain.com\/\" class=\"elementor-item\">Accueil<\/a><\/li>\n<li class=\"menu-item menu-item-type-post_type menu-item-object-page menu-item-1348\"><a href=\"https:\/\/weneedyourbrain.com\/?page_id=1284\" class=\"elementor-item\">Les brainers<\/a><\/li>\n<li class=\"menu-item menu-item-type-post_type menu-item-object-page menu-item-1565\"><a href=\"https:\/\/weneedyourbrain.com\/?page_id=1553\" class=\"elementor-item\">Postuler<\/a><\/li>\n<li class=\"menu-item menu-item-type-post_type menu-item-object-page menu-item-1566\"><a href=\"https:\/\/weneedyourbrain.com\/?page_id=1533\" class=\"elementor-item\">R\u00e9server<\/a><\/li>\n<li class=\"menu-item menu-item-type-post_type menu-item-object-page menu-item-48\"><a href=\"https:\/\/weneedyourbrain.com\/?page_id=21\" class=\"elementor-item\">Contact<\/a><\/li>\n<li class=\"menu-item menu-item-type-custom menu-item-object-custom menu-item-1029\"><a href=\"#pll_switcher\" class=\"elementor-item elementor-item-anchor\">Langues<\/a><\/li>\n<\/ul>\t\t\t<\/nav>\n\t\t\t\t\t<div class=\"elementor-menu-toggle\" role=\"button\" tabindex=\"0\" aria-label=\"Permuter le menu\" aria-expanded=\"false\">\n\t\t\t<svg aria-hidden=\"true\" role=\"presentation\" class=\"elementor-menu-toggle__icon--open e-font-icon-svg e-eicon-menu-bar\" viewBox=\"0 0 1000 1000\" xmlns=\"http:\/\/www.w3.org\/2000\/svg\"><path d=\"M104 333H896C929 333 958 304 958 271S929 208 896 208H104C71 208 42 237 42 271S71 333 104 333ZM104 583H896C929 583 958 554 958 521S929 458 896 458H104C71 458 42 487 42 521S71 583 104 583ZM104 833H896C929 833 958 804 958 771S929 708 896 708H104C71 708 42 737 42 771S71 833 104 833Z\"><\/path><\/svg><svg aria-hidden=\"true\" role=\"presentation\" class=\"elementor-menu-toggle__icon--close e-font-icon-svg e-eicon-close\" viewBox=\"0 0 1000 1000\" xmlns=\"http:\/\/www.w3.org\/2000\/svg\"><path d=\"M742 167L500 408 258 167C246 154 233 150 217 150 196 150 179 158 167 167 154 179 150 196 150 212 150 229 154 242 171 254L408 500 167 742C138 771 138 800 167 829 196 858 225 858 254 829L496 587 738 829C750 842 767 846 783 846 800 846 817 842 829 829 842 817 846 804 846 783 846 767 842 750 829 737L588 500 833 258C863 229 863 200 833 171 804 137 775 137 742 167Z\"><\/path><\/svg>\t\t\t<span class=\"elementor-screen-only\">Menu<\/span>\n\t\t<\/div>\n\t\t\t\t\t<nav class=\"elementor-nav-menu--dropdown elementor-nav-menu__container\" aria-hidden=\"true\">\n\t\t\t\t<ul id=\"menu-2-0dffc0a\" class=\"elementor-nav-menu\"><li class=\"menu-item menu-item-type-post_type menu-item-object-page menu-item-home menu-item-49\"><a href=\"https:\/\/weneedyourbrain.com\/\" class=\"elementor-item\" tabindex=\"-1\">Accueil<\/a><\/li>\n<li class=\"menu-item menu-item-type-post_type menu-item-object-page menu-item-1348\"><a href=\"https:\/\/weneedyourbrain.com\/?page_id=1284\" class=\"elementor-item\" tabindex=\"-1\">Les brainers<\/a><\/li>\n<li class=\"menu-item menu-item-type-post_type menu-item-object-page menu-item-1565\"><a href=\"https:\/\/weneedyourbrain.com\/?page_id=1553\" class=\"elementor-item\" tabindex=\"-1\">Postuler<\/a><\/li>\n<li class=\"menu-item menu-item-type-post_type menu-item-object-page menu-item-1566\"><a href=\"https:\/\/weneedyourbrain.com\/?page_id=1533\" class=\"elementor-item\" tabindex=\"-1\">R\u00e9server<\/a><\/li>\n<li class=\"menu-item menu-item-type-post_type menu-item-object-page menu-item-48\"><a href=\"https:\/\/weneedyourbrain.com\/?page_id=21\" class=\"elementor-item\" tabindex=\"-1\">Contact<\/a><\/li>\n<li class=\"menu-item menu-item-type-custom menu-item-object-custom menu-item-1029\"><a href=\"#pll_switcher\" class=\"elementor-item elementor-item-anchor\" tabindex=\"-1\">Langues<\/a><\/li>\n<\/ul>\t\t\t<\/nav>\n\t\t\t\t<\/div>\n\t\t\t\t<\/div>\n\t\t\t\t\t<\/div>\n\t\t\t\t<\/div>\n\t\t<div class=\"elementor-element elementor-element-8ad6a3c e-flex e-con-boxed e-con e-parent\" data-id=\"8ad6a3c\" data-element_type=\"container\">\n\t\t\t\t\t<div class=\"e-con-inner\">\n\t\t\t\t<div class=\"elementor-element elementor-element-6a9ee15 elementor-widget elementor-widget-heading\" data-id=\"6a9ee15\" data-element_type=\"widget\" data-widget_type=\"heading.default\">\n\t\t\t\t<div class=\"elementor-widget-container\">\n\t\t\t<h2 class=\"elementor-heading-title elementor-size-default\">Conditions g\u00e9n\u00e9rales d'utilisation<\/h2>\t\t<\/div>\n\t\t\t\t<\/div>\n\t\t\t\t\t<\/div>\n\t\t\t\t<\/div>\n\t\t<div class=\"elementor-element elementor-element-49d04d1 e-flex e-con-boxed e-con e-parent\" data-id=\"49d04d1\" data-element_type=\"container\">\n\t\t\t\t\t<div class=\"e-con-inner\">\n\t\t<div class=\"elementor-element elementor-element-cb8260b e-con-full e-flex e-con e-child\" data-id=\"cb8260b\" data-element_type=\"container\">\n\t\t\t\t<div class=\"elementor-element elementor-element-b3457e0 elementor-widget elementor-widget-text-editor\" data-id=\"b3457e0\" data-element_type=\"widget\" data-widget_type=\"text-editor.default\">\n\t\t\t\t<div class=\"elementor-widget-container\">\n\t\t\t\t\t\t\t<p>Derni\u00e8re mise \u00e0 jour 15\/7\/2024<\/p><h4 style=\"font-family: 'Roboto Condensed', sans-serif; color: #fd9400; caret-color: #fd9400;\"><span style=\"color: #000000;\">Article 1 &#8211; Objet<\/span><\/h4><p><span style=\"color: #000000;\">Les services propos\u00e9s (ci-apr\u00e8s le \u00ab Service \u00bb ou les \u00ab Services \u00bb sur le site www.innovaxiom.com sont d\u00e9velopp\u00e9s par la soci\u00e9t\u00e9 INNOVAXIOM, soci\u00e9t\u00e9 par actions simplifi\u00e9e, au capital de 41 000 \u20ac ayant son si\u00e8ge au 97 boulevard Saint-Michel 75005 PARIS, immatricul\u00e9e au R.C.S. de Paris sous le num\u00e9ro 498 724 079 (ci-apr\u00e8s la \u00ab Soci\u00e9t\u00e9 \u00bb).<\/span><\/p><p><span style=\"color: #000000;\">Les services de la \u00ab Soci\u00e9t\u00e9 \u00bb consistent notamment en :<\/span><\/p><ul><li><span style=\"color: #000000;\">l&rsquo;animation de s\u00e9minaires d&rsquo;\u00e9mergence d&rsquo;id\u00e9es,<\/span><\/li><li><span style=\"color: #000000;\">la r\u00e9alisation d\u2019\u00e9tudes de march\u00e9, de veille concurrentielle, de benchmarking,<\/span><\/li><li><span style=\"color: #000000;\">la gestion de projet,<\/span><\/li><li><span style=\"color: #000000;\">la conception et la r\u00e9alisation de prototypes,<\/span><\/li><li><span style=\"color: #000000;\">le montage de partenariats,<\/span><\/li><li><span style=\"color: #000000;\">la cr\u00e9ation de sites internet,<\/span><\/li><li><span style=\"color: #000000;\">la mise en place et l&rsquo;animation de r\u00e9seaux sociaux,<\/span><\/li><li><span style=\"color: #000000;\">la conception d&rsquo;identit\u00e9s graphiques et de documents de communication (institutionnels et promotionnels),<\/span><\/li><li><span style=\"color: #000000;\">la gestion des relations Presse,<\/span><\/li><li><span style=\"color: #000000;\">la fourniture d\u2019espaces publicitaires,<\/span><\/li><li><span style=\"color: #000000;\">l&rsquo;organisation d&rsquo;\u00e9v\u00e9nements,<\/span><\/li><li><span style=\"color: #000000;\">la r\u00e9alisation et la production de vid\u00e9os et de reportages photos,<\/span><\/li><li><span style=\"color: #000000;\">la vente d\u2019ouvrages,<\/span><\/li><li><span style=\"color: #000000;\">la mise en place de formations.<\/span><\/li><\/ul><div>\u00a0<\/div><p><span style=\"color: #000000;\">L&rsquo;utilisation des \u00ab Services \u00bb de la \u00ab Soci\u00e9t\u00e9 \u00bb est soumise \u00e0 l&rsquo;acceptation sans restriction de toutes les conditions figurant dans la pr\u00e9sente convention d\u00e9nomm\u00e9e \u00ab Conditions g\u00e9n\u00e9rales d\u2019utilisation \u00bb. L\u2019utilisation de certains services n\u00e9cessite l\u2019acceptation de conditions particuli\u00e8res. Sauf indication contraire, ces conditions particuli\u00e8res s&rsquo;appliqueront cumulativement avec les Conditions g\u00e9n\u00e9rales d&rsquo;utilisation. Toutefois, en cas de contradiction les conditions particuli\u00e8res pr\u00e9vaudront.<\/span><\/p><p><span style=\"color: #000000;\">Si l\u2019utilisateur est amen\u00e9 \u00e0 recourir \u00e0 un service partenaire, au cours de l\u2019utilisation du \u00ab Service \u00bb, il devra se conformer aux dispositions des conditions g\u00e9n\u00e9rales d\u2019utilisation de ce dernier qui seules r\u00e9giront leurs relations, auxquelles la \u00ab Soci\u00e9t\u00e9 \u00bb est \u00e9trang\u00e8re.<\/span><\/p><h4><span style=\"color: #000000;\">Article 2 \u2013 Acc\u00e8s aux services<\/span><\/h4><p><span style=\"color: #000000;\">Les moyens mis en oeuvre \u2013 en ce inclu leur entretien pour acc\u00e9der au service &#8211; rel\u00e8vent de la seule responsabilit\u00e9 de l\u2019utilisateur. La \u00ab Soci\u00e9t\u00e9 \u00bb se r\u00e9serve le droit de refuser l&rsquo;acc\u00e8s au \u00ab Service \u00bb \u00e0 tout utilisateur ne respectant pas les pr\u00e9sentes Conditions g\u00e9n\u00e9rales d&rsquo;utilisation et\/ou les dispositions l\u00e9gales en vigueur. La \u00ab Soci\u00e9t\u00e9 \u00bb se r\u00e9serve la possibilit\u00e9 d&rsquo;interrompre, de suspendre momentan\u00e9ment ou de modifier sans pr\u00e9avis l&rsquo;acc\u00e8s \u00e0 tout ou partie du \u00ab Service \u00bb, chaque fois que la maintenance, ou toute autre motif l\u00e9gitime, le requiert, sans que l&rsquo;interruption n&rsquo;ouvre droit \u00e0 indemnisation au profit de l\u2019utilisateur.<\/span><\/p><h4><span style=\"color: #000000;\">Article 3 \u2013 Evolution du service<\/span><\/h4><p><span style=\"color: #000000;\">\u00ab La Soci\u00e9t\u00e9 \u00bb se r\u00e9serve le droit de modifier les termes, conditions et mentions des pr\u00e9sentes Conditions g\u00e9n\u00e9rales d\u2019utilisation \u00e0 tout moment.<\/span><\/p><p><span style=\"color: #000000;\">Il est ainsi conseill\u00e9 \u00e0 l\u2019utilisateur de consulter r\u00e9guli\u00e8rement la derni\u00e8re version des Conditions g\u00e9n\u00e9rales d&rsquo;utilisation disponible sur le site www.innovaxiom.com.<\/span><\/p><h4><span style=\"color: #000000;\">Article 4 &#8211; Liens hypertextes<\/span><\/h4><p><span style=\"color: #000000;\">La \u00ab Soci\u00e9t\u00e9 \u00bb met en place des liens hypertextes vers des sites internet \u00e9dit\u00e9s et\/ou g\u00e9r\u00e9s par des tiers. Eu \u00e9gard au fait qu\u2019aucun contr\u00f4le n&rsquo;est exerc\u00e9 sur ces ressources externes, par la \u00ab Soci\u00e9t\u00e9 \u00bb, l\u2019utilisateur reconna\u00eet que \u00ab La Soci\u00e9t\u00e9 \u00bb ne saurait voir sa responsabilit\u00e9 engag\u00e9e quant \u00e0 leur contenu et du seul fait de la mise \u00e0 disposition desdits liens.<\/span><\/p><h4><span style=\"color: #000000;\">Article 5 \u2013 Responsabilit\u00e9s<\/span><\/h4><p><span style=\"color: #000000;\">Les informations diffus\u00e9es sur le site www.innovaxiom.com proviennent de sources r\u00e9put\u00e9es fiables. Toutefois, la \u00ab Soci\u00e9t\u00e9 \u00bb ne peut garantir l&rsquo;exactitude ou la pertinence de ces donn\u00e9es.<\/span><\/p><p><span style=\"color: #000000;\">Par ailleurs, les informations pr\u00e9sentes sur le site sont mises \u00e0 disposition \u00e0 titre purement informatif et ne sauraient constituer en aucun cas un conseil ou une recommandation de quelque nature que ce soit de nature \u00e0 engager la responsabilit\u00e9 de la \u00ab Soci\u00e9t\u00e9 \u00bb.<\/span><\/p>\t\t\t\t\t\t<\/div>\n\t\t\t\t<\/div>\n\t\t\t\t<\/div>\n\t\t<div class=\"elementor-element elementor-element-0bbbb56 e-con-full e-flex e-con e-child\" data-id=\"0bbbb56\" data-element_type=\"container\">\n\t\t\t\t<div class=\"elementor-element elementor-element-316b073 elementor-widget elementor-widget-text-editor\" data-id=\"316b073\" data-element_type=\"widget\" data-widget_type=\"text-editor.default\">\n\t\t\t\t<div class=\"elementor-widget-container\">\n\t\t\t\t\t\t\t<p><span style=\"color: #000000;\">L\u2019utilisateur admet les limites et contraintes propres au r\u00e9seau internet et, \u00e0 ce titre, reconna\u00eet notamment l&rsquo;impossibilit\u00e9 d&rsquo;une garantie totale de la s\u00e9curisation des \u00e9changes de donn\u00e9es. La \u00ab Soci\u00e9t\u00e9 \u00bb ne pourra pas \u00eatre tenue responsable des pr\u00e9judices d\u00e9coulant de la transmission de toute information, y compris de celle de son identifiant et\/ou de son mot de passe, par le biais du \u00ab Service \u00bb.<\/span><\/p><p><span style=\"color: #000000;\">L\u2019utilisateur s&rsquo;engage, d&rsquo;une mani\u00e8re g\u00e9n\u00e9rale, \u00e0 respecter l&rsquo;ensemble de la r\u00e9glementation en vigueur en France.<\/span><\/p><p><span style=\"color: #000000;\">Eu \u00e9gard aux limites et de l&rsquo;\u00e9tat actuel de la technique informatique et t\u00e9l\u00e9matique, la \u00ab Soci\u00e9t\u00e9 \u00bb s&rsquo;engage aux termes d&rsquo;une obligation de moyen \u00e0 maintenir le \u00ab Service \u00bb.<\/span><\/p><p><span style=\"color: #000000;\">La responsabilit\u00e9 de la \u00ab Soci\u00e9t\u00e9 \u00bb ne pourra \u00eatre recherch\u00e9e que dans la limite de ses propres prestations, lesquelles sont d\u00e9crites dans son offre de service ci-dessus vis\u00e9es.<\/span><\/p><p><span style=\"color: #000000;\">Les cas de force majeure ou cas fortuits, ou toutes autres circonstances non imputables \u00e0 la \u00ab Soci\u00e9t\u00e9 \u00bb, la d\u00e9lient de toute obligation pendant la p\u00e9riode d&rsquo;indisponibilit\u00e9 du \u00ab Service \u00bb et ce, sans aucune indemnit\u00e9.<\/span><\/p><p><span style=\"color: #000000;\">En cas de litige, les parties se r\u00e9f\u00e8reront uniquement \u00e0 la version des pr\u00e9sentes Conditions g\u00e9n\u00e9rales d&rsquo;utilisation en cours au jour de la survenance dudit litige.<\/span><\/p><h4><span style=\"color: #000000;\">Article 6 \u2013 Propri\u00e9t\u00e9 intellectuelle<\/span><\/h4><p><span style=\"color: #000000;\">Le contenu du site internet de la \u00ab Soci\u00e9t\u00e9 \u00bb est la propri\u00e9t\u00e9 de la \u00ab Soci\u00e9t\u00e9 \u00bb et\/ou de tiers contractuellement li\u00e9s \u00e0 la \u00ab Soci\u00e9t\u00e9 \u00bb, titulaires des droits de propri\u00e9t\u00e9 intellectuelle aff\u00e9rents audit contenu. Il est donc formellement interdit de copier et\/ou de t\u00e9l\u00e9charger tout ou partie du \u00ab Site \u00bb sans l\u2019autorisation de la \u00ab Soci\u00e9t\u00e9 \u00bb.<\/span><\/p><p><span style=\"color: #000000;\">Les fiches r\u00e9dig\u00e9es par la \u00ab Soci\u00e9t\u00e9 \u00bb peuvent faire l\u2019objet d\u2019une utilisation \u00e0 titre priv\u00e9 et \u00e0 condition de respecter les dispositions du Code de la propri\u00e9t\u00e9 intellectuelle en mati\u00e8re de courte citation (Art.L.122-4).<\/span><\/p><p><span style=\"color: #000000;\">Toute repr\u00e9sentation ou reproduction faite sans le consentement de la Soci\u00e9t\u00e9 constituerait une contrefa\u00e7on sanctionn\u00e9e par les articles L.335-2 et suivants du code de la propri\u00e9t\u00e9 intellectuelle. De m\u00eame, toute utilisation quelle qu&rsquo;elle soit des marques et logos pr\u00e9sents sur ce site, incluant notamment \u00ab Innovaxiom \u00bb, \u00ab Parce que vous ne grandirez jamais autant qu\u2019en innovant \u00bb, ainsi que les noms commerciaux d\u00e9tenus par la \u00ab Soci\u00e9t\u00e9 \u00bb et ses partenaires, est interdite sans l\u2019autorisation des titulaires desdits droits.<\/span><\/p><h4><span style=\"color: #000000;\">Article 7- Base de donn\u00e9es<\/span><\/h4><p><span style=\"color: #000000;\">En application de la loi n\u00ba 98-536 du 1er juillet 1998 concernant la protection juridique des bases de donn\u00e9es, la \u00ab Soci\u00e9t\u00e9 \u00bb est productrice et propri\u00e9taire de tout ou partie des bases de donn\u00e9es composant le pr\u00e9sent site.<\/span><\/p><p><span style=\"color: #000000;\">En acc\u00e9dant au pr\u00e9sent site, l\u2019utilisateur reconnait que les donn\u00e9es le composant sont l\u00e9galement prot\u00e9g\u00e9es, et, conform\u00e9ment aux dispositions de la loi du 1er juillet 1998 pr\u00e9cit\u00e9e, il lui est interdit notamment d&rsquo;extraire, r\u00e9utiliser, stocker, reproduire, repr\u00e9senter ou conserver, directement ou indirectement, sur un support quelconque, par tout moyen et sous toute forme que soit, tout ou partie qualitativement ou quantitativement substantielle, du contenu des bases de donn\u00e9es figurant au site auquel l\u2019utilisateur acc\u00e8de ainsi que d&rsquo;en faire l&rsquo;extraction ou la r\u00e9utilisation r\u00e9p\u00e9t\u00e9e et syst\u00e9matique de parties qualitativement et quantitativement non substantielles lorsque ces op\u00e9rations exc\u00e8dent manifestement les conditions d&rsquo;utilisation normale.<\/span><\/p><h4><span style=\"color: #000000;\">Article 8 \u2013 Droit applicable<\/span><\/h4><p><span style=\"color: #000000;\">Les pr\u00e9sentes Conditions g\u00e9n\u00e9rales d\u2019utilisation sont exclusivement soumises \u00e0 la loi fran\u00e7aise.<\/span><\/p><h4><span style=\"color: #000000;\">Article 9 \u2013 Conciliation<\/span><\/h4><p><span style=\"color: #000000;\">En cas de litige relatif \u00e0 la validit\u00e9 ou l&rsquo;application du pr\u00e9sent contrat, les parties ont convenu de se soumettre \u00e0 une conciliation, pr\u00e9alable \u00e0 toute saisine juridictionnelle\/action contentieuse, devant permettre de trouver un accord amiable.<\/span><\/p><h4><span style=\"color: #000000;\">Article 10 \u2013 Juridiction comp\u00e9tente<\/span><\/h4><p><span style=\"color: #000000;\">A d\u00e9faut d\u2019accord amiable, les tribunaux comp\u00e9tents sont r\u00e9put\u00e9s \u00eatre ceux relevant du ressort de la Cour d\u2019appel de Paris.<\/span><\/p>\t\t\t\t\t\t<\/div>\n\t\t\t\t<\/div>\n\t\t\t\t<\/div>\n\t\t\t\t\t<\/div>\n\t\t\t\t<\/div>\n\t\t<div class=\"elementor-element elementor-element-02f9194 e-flex e-con-boxed e-con e-parent\" data-id=\"02f9194\" data-element_type=\"container\">\n\t\t\t\t\t<div class=\"e-con-inner\">\n\t\t\t\t<div class=\"elementor-element elementor-element-c6728e4 elementor-nav-menu__align-center elementor-nav-menu__text-align-center elementor-nav-menu--dropdown-tablet elementor-nav-menu--toggle elementor-nav-menu--burger elementor-widget elementor-widget-global elementor-global-90 elementor-widget-nav-menu\" data-id=\"c6728e4\" data-element_type=\"widget\" data-settings=\"{&quot;layout&quot;:&quot;horizontal&quot;,&quot;submenu_icon&quot;:{&quot;value&quot;:&quot;fas fa-caret-down&quot;,&quot;library&quot;:&quot;fa-solid&quot;},&quot;toggle&quot;:&quot;burger&quot;}\" data-widget_type=\"nav-menu.default\">\n\t\t\t\t<div class=\"elementor-widget-container\">\n\t\t\t\t\t\t<nav aria-label=\"Menu\" class=\"elementor-nav-menu--main elementor-nav-menu__container elementor-nav-menu--layout-horizontal e--pointer-none\">\n\t\t\t\t<ul id=\"menu-1-c6728e4\" class=\"elementor-nav-menu\"><li class=\"menu-item menu-item-type-custom menu-item-object-custom menu-item-53\"><a href=\"#\" class=\"elementor-item elementor-item-anchor\">\u00a9 Innovaxiom 2024<\/a><\/li>\n<li class=\"menu-item menu-item-type-post_type menu-item-object-page menu-item-50\"><a href=\"https:\/\/weneedyourbrain.com\/?page_id=43\" class=\"elementor-item\">Mentions l\u00e9gales<\/a><\/li>\n<li class=\"menu-item menu-item-type-post_type menu-item-object-page menu-item-privacy-policy menu-item-51\"><a rel=\"privacy-policy\" href=\"https:\/\/weneedyourbrain.com\/?page_id=38\" class=\"elementor-item\">Conditions g\u00e9n\u00e9rales d\u2019utilisation<\/a><\/li>\n<li class=\"menu-item menu-item-type-post_type menu-item-object-page menu-item-52\"><a href=\"https:\/\/weneedyourbrain.com\/?page_id=21\" class=\"elementor-item\">Contact<\/a><\/li>\n<li class=\"menu-item menu-item-type-custom menu-item-object-custom menu-item-1028\"><a href=\"#pll_switcher\" class=\"elementor-item elementor-item-anchor\">Langues<\/a><\/li>\n<\/ul>\t\t\t<\/nav>\n\t\t\t\t\t<div class=\"elementor-menu-toggle\" role=\"button\" tabindex=\"0\" aria-label=\"Permuter le menu\" aria-expanded=\"false\">\n\t\t\t<svg aria-hidden=\"true\" role=\"presentation\" class=\"elementor-menu-toggle__icon--open e-font-icon-svg e-eicon-menu-bar\" viewBox=\"0 0 1000 1000\" xmlns=\"http:\/\/www.w3.org\/2000\/svg\"><path d=\"M104 333H896C929 333 958 304 958 271S929 208 896 208H104C71 208 42 237 42 271S71 333 104 333ZM104 583H896C929 583 958 554 958 521S929 458 896 458H104C71 458 42 487 42 521S71 583 104 583ZM104 833H896C929 833 958 804 958 771S929 708 896 708H104C71 708 42 737 42 771S71 833 104 833Z\"><\/path><\/svg><svg aria-hidden=\"true\" role=\"presentation\" class=\"elementor-menu-toggle__icon--close e-font-icon-svg e-eicon-close\" viewBox=\"0 0 1000 1000\" xmlns=\"http:\/\/www.w3.org\/2000\/svg\"><path d=\"M742 167L500 408 258 167C246 154 233 150 217 150 196 150 179 158 167 167 154 179 150 196 150 212 150 229 154 242 171 254L408 500 167 742C138 771 138 800 167 829 196 858 225 858 254 829L496 587 738 829C750 842 767 846 783 846 800 846 817 842 829 829 842 817 846 804 846 783 846 767 842 750 829 737L588 500 833 258C863 229 863 200 833 171 804 137 775 137 742 167Z\"><\/path><\/svg>\t\t\t<span class=\"elementor-screen-only\">Menu<\/span>\n\t\t<\/div>\n\t\t\t\t\t<nav class=\"elementor-nav-menu--dropdown elementor-nav-menu__container\" aria-hidden=\"true\">\n\t\t\t\t<ul id=\"menu-2-c6728e4\" class=\"elementor-nav-menu\"><li class=\"menu-item menu-item-type-custom menu-item-object-custom menu-item-53\"><a href=\"#\" class=\"elementor-item elementor-item-anchor\" tabindex=\"-1\">\u00a9 Innovaxiom 2024<\/a><\/li>\n<li class=\"menu-item menu-item-type-post_type menu-item-object-page menu-item-50\"><a href=\"https:\/\/weneedyourbrain.com\/?page_id=43\" class=\"elementor-item\" tabindex=\"-1\">Mentions l\u00e9gales<\/a><\/li>\n<li class=\"menu-item menu-item-type-post_type menu-item-object-page menu-item-privacy-policy menu-item-51\"><a rel=\"privacy-policy\" href=\"https:\/\/weneedyourbrain.com\/?page_id=38\" class=\"elementor-item\" tabindex=\"-1\">Conditions g\u00e9n\u00e9rales d\u2019utilisation<\/a><\/li>\n<li class=\"menu-item menu-item-type-post_type menu-item-object-page menu-item-52\"><a href=\"https:\/\/weneedyourbrain.com\/?page_id=21\" class=\"elementor-item\" tabindex=\"-1\">Contact<\/a><\/li>\n<li class=\"menu-item menu-item-type-custom menu-item-object-custom menu-item-1028\"><a href=\"#pll_switcher\" class=\"elementor-item elementor-item-anchor\" tabindex=\"-1\">Langues<\/a><\/li>\n<\/ul>\t\t\t<\/nav>\n\t\t\t\t<\/div>\n\t\t\t\t<\/div>\n\t\t\t\t\t<\/div>\n\t\t\t\t<\/div>\n\t\t\t\t<\/div>\n\t\t","protected":false},"excerpt":{"rendered":"<p>Conditions g\u00e9n\u00e9rales d&rsquo;utilisation Derni\u00e8re mise \u00e0 jour 15\/7\/2024 Article 1 &#8211; Objet Les services propos\u00e9s (ci-apr\u00e8s le \u00ab Service \u00bb ou les \u00ab Services \u00bb sur le site www.innovaxiom.com sont d\u00e9velopp\u00e9s par la soci\u00e9t\u00e9 INNOVAXIOM, soci\u00e9t\u00e9 par actions simplifi\u00e9e, au capital de 41 000 \u20ac ayant son si\u00e8ge au 97 boulevard Saint-Michel 75005 PARIS, immatricul\u00e9e [&hellip;]<\/p>\n","protected":false},"author":1,"featured_media":0,"parent":0,"menu_order":0,"comment_status":"closed","ping_status":"closed","template":"elementor_canvas","meta":{"footnotes":""},"class_list":["post-38","page","type-page","status-publish","hentry"],"lang":"fr","translations":{"fr":38,"en":1339},"pll_sync_post":[],"_links":{"self":[{"href":"https:\/\/weneedyourbrain.com\/index.php?rest_route=\/wp\/v2\/pages\/38","targetHints":{"allow":["GET"]}}],"collection":[{"href":"https:\/\/weneedyourbrain.com\/index.php?rest_route=\/wp\/v2\/pages"}],"about":[{"href":"https:\/\/weneedyourbrain.com\/index.php?rest_route=\/wp\/v2\/types\/page"}],"author":[{"embeddable":true,"href":"https:\/\/weneedyourbrain.com\/index.php?rest_route=\/wp\/v2\/users\/1"}],"replies":[{"embeddable":true,"href":"https:\/\/weneedyourbrain.com\/index.php?rest_route=%2Fwp%2Fv2%2Fcomments&post=38"}],"version-history":[{"count":43,"href":"https:\/\/weneedyourbrain.com\/index.php?rest_route=\/wp\/v2\/pages\/38\/revisions"}],"predecessor-version":[{"id":2089,"href":"https:\/\/weneedyourbrain.com\/index.php?rest_route=\/wp\/v2\/pages\/38\/revisions\/2089"}],"wp:attachment":[{"href":"https:\/\/weneedyourbrain.com\/index.php?rest_route=%2Fwp%2Fv2%2Fmedia&parent=38"}],"curies":[{"name":"wp","href":"https:\/\/api.w.org\/{rel}","templated":true}]}}